{"id":3,"date":"2023-01-04T22:30:35","date_gmt":"2023-01-04T21:30:35","guid":{"rendered":"https:\/\/acgroup.pl\/agregaty\/?page_id=3"},"modified":"2023-12-19T17:00:50","modified_gmt":"2023-12-19T16:00:50","slug":"polityka-prywatnosci","status":"publish","type":"page","link":"https:\/\/acgroup.pl\/agregaty\/polityka-prywatnosci\/","title":{"rendered":"Polityka prywatno\u015bci"},"content":{"rendered":"<h1 class=\"\" style=\"text-align: center;\">POLITYKA PRYWATNO\u015aCI STRONY INTERNETOWEJ ACGROUP<\/h1>\n<p style=\"text-align: center;\"><strong>\u00a7 1<br \/>\n<\/strong><strong>[informacje og\u00f3lne] <\/strong><\/p>\n<ol>\n<li>Strona internetowa <a href=\"https:\/\/acgroup.pl\">acgroup.pl<\/a> (dalej: \u201eStrona Internetowa\u201d) jest prowadzona przez AC Group Sp\u00f3\u0142k\u0119 z ograniczon\u0105 odpowiedzialno\u015bci\u0105 z siedzib\u0105 w Krakowie, ul. Opatkowicka 10A\/10, 30-499 Krak\u00f3w, wpisana do rejestru przedsi\u0119biorc\u00f3w Krajowego Rejestru S\u0105dowego prowadzonego przez S\u0105d Rejonowy dla Krakowa \u2013 \u015ar\u00f3dmie\u015bcia w Krakowie, XI Wydzia\u0142 Gospodarczy Krajowego Rejestru S\u0105dowego pod nr KRS: 0000518195, NIP: 9442246553, kapita\u0142 zak\u0142adowy 7 000 z\u0142.<\/li>\n<li>W ramach dzia\u0142alno\u015bci Strony Internetowej mog\u0105 by\u0107 zbierane, przetwarzane i wykorzystywane dane u\u017cytkownik\u00f3w Strony Internetowej (dalej: \u201eU\u017cytkownicy\u201d).<\/li>\n<li>Dane U\u017cytkownik\u00f3w mog\u0105 by\u0107 zbierane w wyniku: ich dobrowolnego podania przez U\u017cytkownik\u00f3w (np. przy skorzystaniu z U\u017cytkownika z formularza kontaktowego oraz przy zapisie do newslettera), stosowania plik\u00f3w cookies \u2013 zar\u00f3wno w\u0142asnych jak i pochodz\u0105cych od podmiot\u00f3w zewn\u0119trznych oraz stosowania narz\u0119dzi takich jak Google Analytics.<\/li>\n<li>Zbierane mog\u0105 by\u0107 ponadto informacje o adresie IP u\u017cytkownika, lokalizacji, czasie nadej\u015bcia zapytania i wys\u0142ania odpowiedzi, adresie strony internetowej, z kt\u00f3rej U\u017cytkownik zosta\u0142 przekierowany do Strony Internetowej oraz rodzaju oprogramowania, z kt\u00f3rego korzysta u\u017cytkownik. Informacje te s\u0105 wykorzystywane dla cel\u00f3w administrowania Stron\u0105 Internetow\u0105 oraz tworzenia statystyk i analiz.<\/li>\n<\/ol>\n<p style=\"text-align: center;\"><strong>\u00a7 2<br \/>\n[dane osobowe]<\/strong><\/p>\n<ol>\n<li>Administratorem danych osobowych U\u017cytkownik\u00f3w jest AC Group Sp\u00f3\u0142ka z ograniczon\u0105 odpowiedzialno\u015bci\u0105 z siedzib\u0105 w Krakowie, ul. Opatkowicka 10A\/10, 30-499 Krak\u00f3w, wpisana do rejestru przedsi\u0119biorc\u00f3w Krajowego Rejestru S\u0105dowego prowadzonego przez S\u0105d Rejonowy dla Krakowa \u2013 \u015ar\u00f3dmie\u015bcia w Krakowie, XI Wydzia\u0142 Gospodarczy Krajowego Rejestru S\u0105dowego pod nr KRS: 0000518195, NIP: 9442246553, kapita\u0142 zak\u0142adowy 7 000 z\u0142.<\/li>\n<li>Przetwarzanie danych osobowych odbywa si\u0119\u0328 zgodnie z przepisami powszechnie obowi\u0105zuj\u0105cego prawa, a w szczeg\u00f3lno\u015bci zgodnie z Rozporz\u0105dzeniem Parlamentu Europejskiego i Rady (UE) 2016\/679 z dnia 27 kwietnia 2016 r. (\u201eRODO\u201d).<\/li>\n<li>Administrator za po\u015brednictwem Strony Internetowej (w tym w szczeg\u00f3lno\u015bci za po\u015brednictwem formularzy kontaktowych) mo\u017ce zbiera\u0107 a nast\u0119pnie przetwarza\u0107 dane osobowe w celach takich jak:\n<ol>\n<li>skontaktowanie si\u0119 z U\u017cytkownikiem, je\u015bli ten wype\u0142ni\u0142 formularz kontaktowy, co jest prawnie uzasadnionym interesem Administratora (art. 6 ust. 1 lit. f RODO);<\/li>\n<li>prowadzenia przez Administratora marketingu bezpo\u015bredniego w\u0142asnych produkt\u00f3w lub us\u0142ug \u2013 przesy\u0142ania newslettera, co jest prawnie uzasadnionym interesem Administratora (art. 6 ust. 1 lit. f RODO);<\/li>\n<li>statystyki i analizy zachowa\u0144 U\u017cytkownik\u00f3w na stronach internetowych, co jest prawnie uzasadnionym interesem Administratora (art. 6 ust. 1 lit. f RODO).<\/li>\n<\/ol>\n<\/li>\n<li>Administrator mo\u017ce udost\u0119pni\u0107 dane osobowe podmiotom \u015bwiadcz\u0105cym na jego rzecz us\u0142ugi marketingowe.<\/li>\n<li>Administrator mo\u017ce korzysta\u0107 z dostawc\u00f3w us\u0142ug informatycznych, kt\u00f3rzy maj\u0105 swoj\u0105 siedzib\u0119 w USA, a wi\u0119c poza Uni\u0105 Europejsk\u0105. W zwi\u0105zku z tym dane U\u017cytkownika mog\u0105 zosta\u0107 tam przekazane. Administrator korzysta z us\u0142ug podmiot\u00f3w, kt\u00f3re przetwarzaj\u0105 dane osobowe na podstawie Standardowych Klauzul Umownych przyj\u0119tych przez Komisj\u0119 Europejsk\u0105, o kt\u00f3rych mowa w art. 46 RODO, zawartych mi\u0119dzy Administratorem a tym podmiotem.<\/li>\n<li>Dane przetwarzane w celu:\n<ol>\n<li>skontaktowania si\u0119 z U\u017cytkownikiem \u2013 Administrator przetwarza przez okres 3 lat od dnia ich zebrania;<\/li>\n<li>statystyki i analizy zachowa\u0144 U\u017cytkownik\u00f3w na stronach internetowych \u2013 Administrator przetwarza przez okres 3 lat od dnia ich zebrania;<\/li>\n<li>prowadzenia przez Administratora marketingu bezpo\u015bredniego w\u0142asnych produkt\u00f3w lub us\u0142ug \u2013 przesy\u0142ania newslettera \u2013 Administrator przetwarza do momentu zg\u0142oszenia sprzeciwu przez U\u017cytkownika lub do momentu cofni\u0119cia zgody na otrzymywanie informacji handlowej.<\/li>\n<\/ol>\n<\/li>\n<li>Administrator mo\u017ce udost\u0119pni\u0107 dane U\u017cytkownik\u00f3w swoim podwykonawcom (podmiotom, z us\u0142ug kt\u00f3rych korzysta przy przetwarzaniu) takim jak dostawcy us\u0142ug i rozwi\u0105za\u0144 informatycznych oraz podmioty \u015bwiadcz\u0105ce us\u0142ugi marketingowe.<\/li>\n<li>U\u017cytkownikowi, kt\u00f3rego dane dotycz\u0105 przys\u0142uguj\u0105 nast\u0119puj\u0105ce prawa:\n<ol>\n<li>prawo dost\u0119pu do danych osobowych oraz prawo otrzymania ich kopii;<\/li>\n<li>prawo do sprostowania danych osobowych;<\/li>\n<li>prawo do usuni\u0119cia danych osobowych;<\/li>\n<li>prawo do \u017c\u0105dania ograniczenia przetwarzania danych osobowych;<\/li>\n<li>prawo do przeniesienia danych osobowych;<\/li>\n<li>prawo sprzeciwu wobec przetwarzania danych osobowych;<\/li>\n<li>prawo do wniesienia skargi do organu nadzorczego.<\/li>\n<\/ol>\n<\/li>\n<li>W celu skorzystania z jakiegokolwiek prawa, o kt\u00f3rym mowa wy\u017cej, U\u017cytkownik, kt\u00f3rego dane dotycz\u0105 mo\u017ce skierowa\u0107 do Administratora \u017c\u0105danie za po\u015brednictwem poczty elektronicznej lub poczt\u0105 tradycyjn\u0105.<\/li>\n<li>Podanie danych osobowych jest dobrowolne, lecz bez ich podania niemo\u017cliwe b\u0119dzie skorzystanie z formularza kontaktowego lub otrzymywanie newslettera.<\/li>\n<li>Administrator zapewnia ochron\u0119\u0328 danych osobowych, kt\u00f3re przetwarza. W szczeg\u00f3lno\u015bci Administrator stosuje odpowiednie zabezpieczenia techniczne i \u015brodki organizacyjne zapewniaj\u0105ce ochron\u0119\u0328 przetwarzanych danych osobowych, odpowiednie do zagro\u017ce\u0144 oraz kategorii danych obj\u0119tych ochrona\u0328. W szczeg\u00f3lno\u015bci zabezpiecza on dane przed ich udost\u0119pnieniem osobom nieupowa\u017cnionym, zabraniem przez osob\u0119\u0328 nieuprawniona\u0328, przetwarzaniem z naruszeniem przepis\u00f3w oraz zmiana\u0328, utrata\u0328, uszkodzeniem lub zniszczeniem.<\/li>\n<\/ol>\n<p style=\"text-align: center;\"><a id=\"pliki-cookie\"><\/a><strong>\u00a7 3<br \/>\n<\/strong><strong>[pliki cookies i narz\u0119dzia wykorzystywane na stronach internetowych]<\/strong><\/p>\n<ol>\n<li>W ramach dzia\u0142alno\u015bci Strony Internetowej s\u0105 u\u017cywane niewielkie pliki zwane Cookies. Pliki te s\u0105 zapisywane przez serwer na komputerze U\u017cytkownika. Przez u\u017cywanie plik\u00f3w cookies nale\u017cy rozumie\u0107 ich przechowywanie i uzyskiwanie do nich dost\u0119pu przez Administratora lub podmioty z nim wsp\u00f3\u0142pracuj\u0105ce.<\/li>\n<li>Pliki cookies mog\u0105 by\u0107:\n<ol>\n<li>plikami sesyjnymi, co oznacza, \u017ce s\u0105 u\u017cywane do momentu opuszczenia Strony Internetowej przez U\u017cytkownika, lub do momentu zamkni\u0119cia przez niego przegl\u0105darki internetowej;<\/li>\n<li>plikami sta\u0142ymi, co oznacza, \u017ce pozostaj\u0105 na urz\u0105dzeniu U\u017cytkownika przez czas okre\u015blony w ich parametrach lub do momentu ich usuni\u0119cia przez U\u017cytkownika.<\/li>\n<\/ol>\n<\/li>\n<li>Pliki cookies mog\u0105 by\u0107 u\u017cywane w nast\u0119puj\u0105cych celach:\n<ol>\n<li>umo\u017cliwienia korzystania z us\u0142ug dost\u0119pnych na Stronie Internetowej;<\/li>\n<li>zbierania informacji o sposobie korzystania przez U\u017cytkownik\u00f3w ze Strony Internetowej a nast\u0119pnie tworzenia statystyk analiz dotycz\u0105cych korzystania ze Strony Internetowej.<\/li>\n<li>zapami\u0119tania wybranych przez U\u017cytkownik\u00f3w ustawie\u0144 Strony Internetowej.<\/li>\n<\/ol>\n<\/li>\n<li>Wykorzystywanie plik\u00f3w cookies nie powoduje zmian konfiguracyjnych w urz\u0105dzeniu ko\u0144cowym U\u017cytkownika i oprogramowaniu zainstalowanym na tym urz\u0105dzeniu.<\/li>\n<li>Domy\u015blne ustawienia przegl\u0105darek internetowych dopuszczaj\u0105 zwykle zapisywanie plik\u00f3w cookies w urz\u0105dzeniach ko\u0144cowych u\u017cytkownik\u00f3w stron internetowych. Ustawienia te mog\u0105 jednak zosta\u0107 zmienione przez U\u017cytkownika.<\/li>\n<li>U\u017cytkownik ma mo\u017cliwo\u015b\u0107 okre\u015blenia warunk\u00f3w wykorzystywania plik\u00f3w cookies za pomoc\u0105 ustawie\u0144 oprogramowania (przegl\u0105darki internetowej) zainstalowanego na jego urz\u0105dzeniu ko\u0144cowym. Zmiana mo\u017ce polega\u0107 na cz\u0119\u015bciowym lub ca\u0142kowitym ograniczeniu mo\u017cliwo\u015bci zapisywania plik\u00f3w cookies na urz\u0105dzeniu ko\u0144cowym u\u017cytkownika.<\/li>\n<li>Administrator informuje, \u017ce zgodnie z przepisami ustawy prawo telekomunikacyjne, zgoda u\u017cytkownika ko\u0144cowego na przechowywanie informacji lub uzyskiwanie dost\u0119pu do informacji ju\u017c przechowywanej w telekomunikacyjnym urz\u0105dzeniu ko\u0144cowym u\u017cytkownika ko\u0144cowego, mo\u017ce by\u0107 wyra\u017cona przez u\u017cytkownika r\u00f3wnie\u017c za pomoc\u0105 ustawie\u0144 oprogramowania zainstalowanego w wykorzystywanym przez niego urz\u0105dzeniu ko\u0144cowym. W przypadku zatem gdyby u\u017cytkownik nie chcia\u0142 wyrazi\u0107 takiej zgody, powinien dokona\u0107 zmiany ustawie\u0144 przegl\u0105darki internetowej.<\/li>\n<li>Szczeg\u00f3\u0142owe informacje w zakresie zmiany ustawie\u0144 przegl\u0105darki dotycz\u0105cych plik\u00f3w cookies oraz ich usuni\u0119cia uzyska\u0107 mo\u017cna na oficjalnej stronie internetowej konkretnej przegl\u0105darki. W szczeg\u00f3lno\u015bci powy\u017csze informacje mo\u017cna znale\u017a\u0107 pod nast\u0119puj\u0105cymi adresami stron internetowych:\n<ol>\n<li><a href=\"https:\/\/support.mozilla.org\/pl\/kb\/usuwanie-ciasteczek-i-danych-stron-firefox?redirectslug=usuwanie-ciasteczek&amp;redirectlocale=pl\" target=\"_blank\" rel=\"noopener\">przegl\u0105darka Firefox<\/a>;<\/li>\n<li><a href=\"https:\/\/support.google.com\/chrome\/answer\/95647?co=GENIE.Platform%3DDesktop&amp;hl=pl\" target=\"_blank\" rel=\"noopener\">przegl\u0105darka Chrome<\/a>;<\/li>\n<li><a href=\"https:\/\/support.microsoft.com\/pl-pl\/topic\/jak-usun%C4%85%C4%87-pliki-cookie-w-programie-internet-explorer-bca9446f-d873-78de-77ba-d42645fa52fc\" target=\"_blank\" rel=\"noopener\">przegl\u0105darka Internet Explorer<\/a>;<\/li>\n<li><a href=\"https:\/\/support.microsoft.com\/pl-pl\/windows\/usuwanie-plik%C3%B3w-cookie-i-zarz%C4%85dzanie-nimi-168dab11-0753-043d-7c16-ede5947fc64d\" target=\"_blank\" rel=\"noopener\">przegl\u0105darka Microsoft Edge<\/a>;<\/li>\n<li><a href=\"https:\/\/help.opera.com\/en\/latest\/web-preferences\/#cookies\" target=\"_blank\" rel=\"noopener\">przegl\u0105darka Opera<\/a>;<\/li>\n<li><a href=\"https:\/\/support.apple.com\/pl-pl\/guide\/safari\/sfri11471\/mac\" target=\"_blank\" rel=\"noopener\">przegl\u0105darka Safari<\/a>.<\/li>\n<\/ol>\n<\/li>\n<li>Administrator korzysta z narz\u0119dzia Google Analytics, kt\u00f3re s\u0142u\u017cy do analizy statystyk stron internetowych.<\/li>\n<li>Administrator korzysta z tzw. wtyczek spo\u0142eczno\u015bciowych, w szczeg\u00f3lno\u015bci poprzez integracj\u0119 z serwisami Facebook, LinkedIn oraz Instagram (dalej: \u201eSerwisy\u201d). Administrator mo\u017ce umie\u015bci\u0107 na Stronie Internetowej przyciski powi\u0105zane z Serwisami. W tym celu w odpowiednich sekcjach i stronach umieszczany jest kod odwo\u0142uj\u0105cy si\u0119 do Serwis\u00f3w. U\u017cywaj\u0105c odpowiedniego przycisku u\u017cytkownik loguje si\u0119 w wybranych Serwisach, w kt\u00f3rym obowi\u0105zuj\u0105 zasady ochrony prywatno\u015bci firm prowadz\u0105cych te Serwisy.<\/li>\n<\/ol>\n","protected":false},"excerpt":{"rendered":"<p>POLITYKA PRYWATNO\u015aCI STRONY INTERNETOWEJ ACGROUP \u00a7 1 [informacje og\u00f3lne] Strona internetowa acgroup.pl (dalej: \u201eStrona Internetowa\u201d) jest prowadzona przez AC Group Sp\u00f3\u0142k\u0119 z ograniczon\u0105 odpowiedzialno\u015bci\u0105 z siedzib\u0105 w Krakowie, ul. Opatkowicka 10A\/10, 30-499 Krak\u00f3w, wpisana do rejestru przedsi\u0119biorc\u00f3w Krajowego Rejestru S\u0105dowego prowadzonego przez S\u0105d Rejonowy dla Krakowa \u2013 \u015ar\u00f3dmie\u015bcia w Krakowie, XI Wydzia\u0142 Gospodarczy Krajowego Rejestru [&hellip;]<\/p>\n","protected":false},"author":1,"featured_media":0,"parent":0,"menu_order":0,"comment_status":"closed","ping_status":"open","template":"","meta":{"inline_featured_image":false,"footnotes":""},"class_list":["post-3","page","type-page","status-publish","hentry"],"acf":[],"yoast_head":"<!-- This site is optimized with the Yoast SEO plugin v21.7 - https:\/\/yoast.com\/wordpress\/plugins\/seo\/ -->\n<title>Polityka prywatno\u015bci - Agregaty - AC Group<\/title>\n<meta name=\"robots\" content=\"index, follow, max-snippet:-1, max-image-preview:large, max-video-preview:-1\" \/>\n<link rel=\"canonical\" href=\"https:\/\/acgroup.pl\/agregaty\/polityka-prywatnosci\/\" \/>\n<meta property=\"og:locale\" content=\"pl_PL\" \/>\n<meta property=\"og:type\" content=\"article\" \/>\n<meta property=\"og:title\" content=\"Polityka prywatno\u015bci - Agregaty - AC Group\" \/>\n<meta property=\"og:description\" content=\"POLITYKA PRYWATNO\u015aCI STRONY INTERNETOWEJ ACGROUP \u00a7 1 [informacje og\u00f3lne] Strona internetowa acgroup.pl (dalej: \u201eStrona Internetowa\u201d) jest prowadzona przez AC Group Sp\u00f3\u0142k\u0119 z ograniczon\u0105 odpowiedzialno\u015bci\u0105 z siedzib\u0105 w Krakowie, ul. Opatkowicka 10A\/10, 30-499 Krak\u00f3w, wpisana do rejestru przedsi\u0119biorc\u00f3w Krajowego Rejestru S\u0105dowego prowadzonego przez S\u0105d Rejonowy dla Krakowa \u2013 \u015ar\u00f3dmie\u015bcia w Krakowie, XI Wydzia\u0142 Gospodarczy Krajowego Rejestru [&hellip;]\" \/>\n<meta property=\"og:url\" content=\"https:\/\/acgroup.pl\/agregaty\/polityka-prywatnosci\/\" \/>\n<meta property=\"og:site_name\" content=\"Agregaty - AC Group\" \/>\n<meta property=\"article:publisher\" content=\"https:\/\/www.facebook.com\/AC-Group-108549451312976\" \/>\n<meta property=\"article:modified_time\" content=\"2023-12-19T16:00:50+00:00\" \/>\n<meta property=\"og:image\" content=\"https:\/\/acgroup.pl\/agregaty\/wp-content\/uploads\/2023\/12\/og-ac.png\" \/>\n\t<meta property=\"og:image:width\" content=\"1200\" \/>\n\t<meta property=\"og:image:height\" content=\"630\" \/>\n\t<meta property=\"og:image:type\" content=\"image\/png\" \/>\n<meta name=\"twitter:card\" content=\"summary_large_image\" \/>\n<meta name=\"twitter:label1\" content=\"Szacowany czas czytania\" \/>\n\t<meta name=\"twitter:data1\" content=\"7 minut\" \/>\n<script type=\"application\/ld+json\" class=\"yoast-schema-graph\">{\"@context\":\"https:\/\/schema.org\",\"@graph\":[{\"@type\":\"WebPage\",\"@id\":\"https:\/\/acgroup.pl\/agregaty\/polityka-prywatnosci\/\",\"url\":\"https:\/\/acgroup.pl\/agregaty\/polityka-prywatnosci\/\",\"name\":\"Polityka prywatno\u015bci - Agregaty - AC Group\",\"isPartOf\":{\"@id\":\"https:\/\/acgroup.pl\/agregaty\/#website\"},\"datePublished\":\"2023-01-04T21:30:35+00:00\",\"dateModified\":\"2023-12-19T16:00:50+00:00\",\"breadcrumb\":{\"@id\":\"https:\/\/acgroup.pl\/agregaty\/polityka-prywatnosci\/#breadcrumb\"},\"inLanguage\":\"pl-PL\",\"potentialAction\":[{\"@type\":\"ReadAction\",\"target\":[\"https:\/\/acgroup.pl\/agregaty\/polityka-prywatnosci\/\"]}]},{\"@type\":\"BreadcrumbList\",\"@id\":\"https:\/\/acgroup.pl\/agregaty\/polityka-prywatnosci\/#breadcrumb\",\"itemListElement\":[{\"@type\":\"ListItem\",\"position\":1,\"name\":\"Strona g\u0142\u00f3wna\",\"item\":\"https:\/\/acgroup.pl\/agregaty\/\"},{\"@type\":\"ListItem\",\"position\":2,\"name\":\"Polityka prywatno\u015bci\"}]},{\"@type\":\"WebSite\",\"@id\":\"https:\/\/acgroup.pl\/agregaty\/#website\",\"url\":\"https:\/\/acgroup.pl\/agregaty\/\",\"name\":\"Agregaty - AC Group\",\"description\":\"Wi\u0119cej ni\u017c instalacje\",\"publisher\":{\"@id\":\"https:\/\/acgroup.pl\/agregaty\/#organization\"},\"potentialAction\":[{\"@type\":\"SearchAction\",\"target\":{\"@type\":\"EntryPoint\",\"urlTemplate\":\"https:\/\/acgroup.pl\/agregaty\/?s={search_term_string}\"},\"query-input\":\"required name=search_term_string\"}],\"inLanguage\":\"pl-PL\"},{\"@type\":\"Organization\",\"@id\":\"https:\/\/acgroup.pl\/agregaty\/#organization\",\"name\":\"AC Group\",\"url\":\"https:\/\/acgroup.pl\/agregaty\/\",\"logo\":{\"@type\":\"ImageObject\",\"inLanguage\":\"pl-PL\",\"@id\":\"https:\/\/acgroup.pl\/agregaty\/#\/schema\/logo\/image\/\",\"url\":\"https:\/\/acgroup.pl\/agregaty\/wp-content\/uploads\/2023\/12\/logo-ac.svg\",\"contentUrl\":\"https:\/\/acgroup.pl\/agregaty\/wp-content\/uploads\/2023\/12\/logo-ac.svg\",\"width\":143,\"height\":64,\"caption\":\"AC Group\"},\"image\":{\"@id\":\"https:\/\/acgroup.pl\/agregaty\/#\/schema\/logo\/image\/\"},\"sameAs\":[\"https:\/\/www.facebook.com\/AC-Group-108549451312976\",\"https:\/\/www.instagram.com\/acgroup.pl\/\",\"https:\/\/www.linkedin.com\/company\/ac-group-poland\/about\/\"]}]}<\/script>\n<!-- \/ Yoast SEO plugin. -->","yoast_head_json":{"title":"Polityka prywatno\u015bci - Agregaty - AC Group","robots":{"index":"index","follow":"follow","max-snippet":"max-snippet:-1","max-image-preview":"max-image-preview:large","max-video-preview":"max-video-preview:-1"},"canonical":"https:\/\/acgroup.pl\/agregaty\/polityka-prywatnosci\/","og_locale":"pl_PL","og_type":"article","og_title":"Polityka prywatno\u015bci - Agregaty - AC Group","og_description":"POLITYKA PRYWATNO\u015aCI STRONY INTERNETOWEJ ACGROUP \u00a7 1 [informacje og\u00f3lne] Strona internetowa acgroup.pl (dalej: \u201eStrona Internetowa\u201d) jest prowadzona przez AC Group Sp\u00f3\u0142k\u0119 z ograniczon\u0105 odpowiedzialno\u015bci\u0105 z siedzib\u0105 w Krakowie, ul. Opatkowicka 10A\/10, 30-499 Krak\u00f3w, wpisana do rejestru przedsi\u0119biorc\u00f3w Krajowego Rejestru S\u0105dowego prowadzonego przez S\u0105d Rejonowy dla Krakowa \u2013 \u015ar\u00f3dmie\u015bcia w Krakowie, XI Wydzia\u0142 Gospodarczy Krajowego Rejestru [&hellip;]","og_url":"https:\/\/acgroup.pl\/agregaty\/polityka-prywatnosci\/","og_site_name":"Agregaty - AC Group","article_publisher":"https:\/\/www.facebook.com\/AC-Group-108549451312976","article_modified_time":"2023-12-19T16:00:50+00:00","og_image":[{"width":1200,"height":630,"url":"https:\/\/acgroup.pl\/agregaty\/wp-content\/uploads\/2023\/12\/og-ac.png","type":"image\/png"}],"twitter_card":"summary_large_image","twitter_misc":{"Szacowany czas czytania":"7 minut"},"schema":{"@context":"https:\/\/schema.org","@graph":[{"@type":"WebPage","@id":"https:\/\/acgroup.pl\/agregaty\/polityka-prywatnosci\/","url":"https:\/\/acgroup.pl\/agregaty\/polityka-prywatnosci\/","name":"Polityka prywatno\u015bci - Agregaty - AC Group","isPartOf":{"@id":"https:\/\/acgroup.pl\/agregaty\/#website"},"datePublished":"2023-01-04T21:30:35+00:00","dateModified":"2023-12-19T16:00:50+00:00","breadcrumb":{"@id":"https:\/\/acgroup.pl\/agregaty\/polityka-prywatnosci\/#breadcrumb"},"inLanguage":"pl-PL","potentialAction":[{"@type":"ReadAction","target":["https:\/\/acgroup.pl\/agregaty\/polityka-prywatnosci\/"]}]},{"@type":"BreadcrumbList","@id":"https:\/\/acgroup.pl\/agregaty\/polityka-prywatnosci\/#breadcrumb","itemListElement":[{"@type":"ListItem","position":1,"name":"Strona g\u0142\u00f3wna","item":"https:\/\/acgroup.pl\/agregaty\/"},{"@type":"ListItem","position":2,"name":"Polityka prywatno\u015bci"}]},{"@type":"WebSite","@id":"https:\/\/acgroup.pl\/agregaty\/#website","url":"https:\/\/acgroup.pl\/agregaty\/","name":"Agregaty - AC Group","description":"Wi\u0119cej ni\u017c instalacje","publisher":{"@id":"https:\/\/acgroup.pl\/agregaty\/#organization"},"potentialAction":[{"@type":"SearchAction","target":{"@type":"EntryPoint","urlTemplate":"https:\/\/acgroup.pl\/agregaty\/?s={search_term_string}"},"query-input":"required name=search_term_string"}],"inLanguage":"pl-PL"},{"@type":"Organization","@id":"https:\/\/acgroup.pl\/agregaty\/#organization","name":"AC Group","url":"https:\/\/acgroup.pl\/agregaty\/","logo":{"@type":"ImageObject","inLanguage":"pl-PL","@id":"https:\/\/acgroup.pl\/agregaty\/#\/schema\/logo\/image\/","url":"https:\/\/acgroup.pl\/agregaty\/wp-content\/uploads\/2023\/12\/logo-ac.svg","contentUrl":"https:\/\/acgroup.pl\/agregaty\/wp-content\/uploads\/2023\/12\/logo-ac.svg","width":143,"height":64,"caption":"AC Group"},"image":{"@id":"https:\/\/acgroup.pl\/agregaty\/#\/schema\/logo\/image\/"},"sameAs":["https:\/\/www.facebook.com\/AC-Group-108549451312976","https:\/\/www.instagram.com\/acgroup.pl\/","https:\/\/www.linkedin.com\/company\/ac-group-poland\/about\/"]}]}},"_links":{"self":[{"href":"https:\/\/acgroup.pl\/agregaty\/wp-json\/wp\/v2\/pages\/3","targetHints":{"allow":["GET"]}}],"collection":[{"href":"https:\/\/acgroup.pl\/agregaty\/wp-json\/wp\/v2\/pages"}],"about":[{"href":"https:\/\/acgroup.pl\/agregaty\/wp-json\/wp\/v2\/types\/page"}],"author":[{"embeddable":true,"href":"https:\/\/acgroup.pl\/agregaty\/wp-json\/wp\/v2\/users\/1"}],"replies":[{"embeddable":true,"href":"https:\/\/acgroup.pl\/agregaty\/wp-json\/wp\/v2\/comments?post=3"}],"version-history":[{"count":5,"href":"https:\/\/acgroup.pl\/agregaty\/wp-json\/wp\/v2\/pages\/3\/revisions"}],"predecessor-version":[{"id":325,"href":"https:\/\/acgroup.pl\/agregaty\/wp-json\/wp\/v2\/pages\/3\/revisions\/325"}],"wp:attachment":[{"href":"https:\/\/acgroup.pl\/agregaty\/wp-json\/wp\/v2\/media?parent=3"}],"curies":[{"name":"wp","href":"https:\/\/api.w.org\/{rel}","templated":true}]}}