{"id":117,"date":"2023-01-14T00:22:26","date_gmt":"2023-01-13T23:22:26","guid":{"rendered":"https:\/\/acgroup.pl\/agregaty\/?post_type=product&#038;p=117"},"modified":"2024-01-30T10:20:57","modified_gmt":"2024-01-30T09:20:57","slug":"px8000-230v-50hz-avr","status":"publish","type":"product","link":"https:\/\/acgroup.pl\/agregaty\/produkt\/px8000-230v-50hz-avr\/","title":{"rendered":"PX8000 230V 50HZ #AVR"},"content":{"rendered":"<p>Idealnie nadaje si\u0119 jako awaryjne zasilanie domu. Kompaktowy, wydajny oraz fabrycznie zmontowany agregat PX b\u0119dzie idealny do ka\u017cdego p\u00f3\u0142profesjonalnego zastosowania. Agregat posiada silnik benzynowy PRAMAC ch\u0142odzony powietrzem, a dodatkowo posiada zabezpieczenie w przypadku braku oleju oraz du\u017cy zbiornik na paliwo. Urz\u0105dzenie dla wi\u0119kszego komfortu przenoszenia, posiada du\u017ce ko\u0142a transportowe. PX8000 AVR mo\u017ce pracowa\u0107 przez 13,11 h, zak\u0142adaj\u0105c 75% obci\u0105\u017cenie. Agregat pozwala na bezpieczn\u0105 prac\u0119 i komfort w r\u00f3\u017cnych warunkach. Nowoczesny wygl\u0105d oraz koncepcja &#8222;gotowy do u\u017cycia&#8221;.<\/p>\n","protected":false},"excerpt":{"rendered":"<p>Seria agregat\u00f3w PRAMAC PX to nowe rozwi\u0105zania od uznanego w kategorii producenta. To produkty wysokiej jako\u015bci, przeznaczone do zastosowania p\u00f3\u0142profesjonalnego. Ich najwa\u017cniejsz\u0105 cech\u0105 jest przede wszystkim wysoka wydajno\u015b\u0107.<\/p>\n","protected":false},"featured_media":118,"template":"","meta":{"inline_featured_image":false},"product_cat":[15],"product_tag":[],"class_list":{"0":"post-117","1":"product","2":"type-product","3":"status-publish","4":"has-post-thumbnail","6":"product_cat-agregaty","8":"first","9":"instock","10":"taxable","11":"shipping-taxable","12":"purchasable","13":"product-type-simple"},"acf":[],"yoast_head":"<!-- This site is optimized with the Yoast SEO plugin v21.7 - https:\/\/yoast.com\/wordpress\/plugins\/seo\/ -->\n<title>PX8000 230V 50HZ #AVR - Agregaty - AC Group<\/title>\n<meta name=\"robots\" content=\"index, follow, max-snippet:-1, max-image-preview:large, max-video-preview:-1\" \/>\n<link rel=\"canonical\" href=\"https:\/\/acgroup.pl\/agregaty\/produkt\/px8000-230v-50hz-avr\/\" \/>\n<meta property=\"og:locale\" content=\"pl_PL\" \/>\n<meta property=\"og:type\" content=\"article\" \/>\n<meta property=\"og:title\" content=\"PX8000 230V 50HZ #AVR - Agregaty - AC Group\" \/>\n<meta property=\"og:description\" content=\"Seria agregat\u00f3w PRAMAC PX to nowe rozwi\u0105zania od uznanego w kategorii producenta. To produkty wysokiej jako\u015bci, przeznaczone do zastosowania p\u00f3\u0142profesjonalnego. Ich najwa\u017cniejsz\u0105 cech\u0105 jest przede wszystkim wysoka wydajno\u015b\u0107.\" \/>\n<meta property=\"og:url\" content=\"https:\/\/acgroup.pl\/agregaty\/produkt\/px8000-230v-50hz-avr\/\" \/>\n<meta property=\"og:site_name\" content=\"Agregaty - AC Group\" \/>\n<meta property=\"article:publisher\" content=\"https:\/\/www.facebook.com\/AC-Group-108549451312976\" \/>\n<meta property=\"article:modified_time\" content=\"2024-01-30T09:20:57+00:00\" \/>\n<meta property=\"og:image\" content=\"https:\/\/acgroup.pl\/agregaty\/wp-content\/uploads\/2023\/01\/image-5.png\" \/>\n\t<meta property=\"og:image:width\" content=\"492\" \/>\n\t<meta property=\"og:image:height\" content=\"422\" \/>\n\t<meta property=\"og:image:type\" content=\"image\/png\" \/>\n<meta name=\"twitter:card\" content=\"summary_large_image\" \/>\n<meta name=\"twitter:label1\" content=\"Szacowany czas czytania\" \/>\n\t<meta name=\"twitter:data1\" content=\"1 minuta\" \/>\n<script type=\"application\/ld+json\" class=\"yoast-schema-graph\">{\"@context\":\"https:\/\/schema.org\",\"@graph\":[{\"@type\":\"WebPage\",\"@id\":\"https:\/\/acgroup.pl\/agregaty\/produkt\/px8000-230v-50hz-avr\/\",\"url\":\"https:\/\/acgroup.pl\/agregaty\/produkt\/px8000-230v-50hz-avr\/\",\"name\":\"PX8000 230V 50HZ #AVR - Agregaty - AC Group\",\"isPartOf\":{\"@id\":\"https:\/\/acgroup.pl\/agregaty\/#website\"},\"datePublished\":\"2023-01-13T23:22:26+00:00\",\"dateModified\":\"2024-01-30T09:20:57+00:00\",\"breadcrumb\":{\"@id\":\"https:\/\/acgroup.pl\/agregaty\/produkt\/px8000-230v-50hz-avr\/#breadcrumb\"},\"inLanguage\":\"pl-PL\",\"potentialAction\":[{\"@type\":\"ReadAction\",\"target\":[\"https:\/\/acgroup.pl\/agregaty\/produkt\/px8000-230v-50hz-avr\/\"]}]},{\"@type\":\"BreadcrumbList\",\"@id\":\"https:\/\/acgroup.pl\/agregaty\/produkt\/px8000-230v-50hz-avr\/#breadcrumb\",\"itemListElement\":[{\"@type\":\"ListItem\",\"position\":1,\"name\":\"Strona g\u0142\u00f3wna\",\"item\":\"https:\/\/acgroup.pl\/agregaty\/\"},{\"@type\":\"ListItem\",\"position\":2,\"name\":\"PX8000 230V 50HZ #AVR\"}]},{\"@type\":\"WebSite\",\"@id\":\"https:\/\/acgroup.pl\/agregaty\/#website\",\"url\":\"https:\/\/acgroup.pl\/agregaty\/\",\"name\":\"Agregaty - AC Group\",\"description\":\"Wi\u0119cej ni\u017c instalacje\",\"publisher\":{\"@id\":\"https:\/\/acgroup.pl\/agregaty\/#organization\"},\"potentialAction\":[{\"@type\":\"SearchAction\",\"target\":{\"@type\":\"EntryPoint\",\"urlTemplate\":\"https:\/\/acgroup.pl\/agregaty\/?s={search_term_string}\"},\"query-input\":\"required name=search_term_string\"}],\"inLanguage\":\"pl-PL\"},{\"@type\":\"Organization\",\"@id\":\"https:\/\/acgroup.pl\/agregaty\/#organization\",\"name\":\"AC Group\",\"url\":\"https:\/\/acgroup.pl\/agregaty\/\",\"logo\":{\"@type\":\"ImageObject\",\"inLanguage\":\"pl-PL\",\"@id\":\"https:\/\/acgroup.pl\/agregaty\/#\/schema\/logo\/image\/\",\"url\":\"https:\/\/acgroup.pl\/agregaty\/wp-content\/uploads\/2023\/12\/logo-ac.svg\",\"contentUrl\":\"https:\/\/acgroup.pl\/agregaty\/wp-content\/uploads\/2023\/12\/logo-ac.svg\",\"width\":143,\"height\":64,\"caption\":\"AC Group\"},\"image\":{\"@id\":\"https:\/\/acgroup.pl\/agregaty\/#\/schema\/logo\/image\/\"},\"sameAs\":[\"https:\/\/www.facebook.com\/AC-Group-108549451312976\",\"https:\/\/www.instagram.com\/acgroup.pl\/\",\"https:\/\/www.linkedin.com\/company\/ac-group-poland\/about\/\"]}]}<\/script>\n<!-- \/ Yoast SEO plugin. -->","yoast_head_json":{"title":"PX8000 230V 50HZ #AVR - Agregaty - AC Group","robots":{"index":"index","follow":"follow","max-snippet":"max-snippet:-1","max-image-preview":"max-image-preview:large","max-video-preview":"max-video-preview:-1"},"canonical":"https:\/\/acgroup.pl\/agregaty\/produkt\/px8000-230v-50hz-avr\/","og_locale":"pl_PL","og_type":"article","og_title":"PX8000 230V 50HZ #AVR - Agregaty - AC Group","og_description":"Seria agregat\u00f3w PRAMAC PX to nowe rozwi\u0105zania od uznanego w kategorii producenta. To produkty wysokiej jako\u015bci, przeznaczone do zastosowania p\u00f3\u0142profesjonalnego. Ich najwa\u017cniejsz\u0105 cech\u0105 jest przede wszystkim wysoka wydajno\u015b\u0107.","og_url":"https:\/\/acgroup.pl\/agregaty\/produkt\/px8000-230v-50hz-avr\/","og_site_name":"Agregaty - AC Group","article_publisher":"https:\/\/www.facebook.com\/AC-Group-108549451312976","article_modified_time":"2024-01-30T09:20:57+00:00","og_image":[{"width":492,"height":422,"url":"https:\/\/acgroup.pl\/agregaty\/wp-content\/uploads\/2023\/01\/image-5.png","type":"image\/png"}],"twitter_card":"summary_large_image","twitter_misc":{"Szacowany czas czytania":"1 minuta"},"schema":{"@context":"https:\/\/schema.org","@graph":[{"@type":"WebPage","@id":"https:\/\/acgroup.pl\/agregaty\/produkt\/px8000-230v-50hz-avr\/","url":"https:\/\/acgroup.pl\/agregaty\/produkt\/px8000-230v-50hz-avr\/","name":"PX8000 230V 50HZ #AVR - Agregaty - AC Group","isPartOf":{"@id":"https:\/\/acgroup.pl\/agregaty\/#website"},"datePublished":"2023-01-13T23:22:26+00:00","dateModified":"2024-01-30T09:20:57+00:00","breadcrumb":{"@id":"https:\/\/acgroup.pl\/agregaty\/produkt\/px8000-230v-50hz-avr\/#breadcrumb"},"inLanguage":"pl-PL","potentialAction":[{"@type":"ReadAction","target":["https:\/\/acgroup.pl\/agregaty\/produkt\/px8000-230v-50hz-avr\/"]}]},{"@type":"BreadcrumbList","@id":"https:\/\/acgroup.pl\/agregaty\/produkt\/px8000-230v-50hz-avr\/#breadcrumb","itemListElement":[{"@type":"ListItem","position":1,"name":"Strona g\u0142\u00f3wna","item":"https:\/\/acgroup.pl\/agregaty\/"},{"@type":"ListItem","position":2,"name":"PX8000 230V 50HZ #AVR"}]},{"@type":"WebSite","@id":"https:\/\/acgroup.pl\/agregaty\/#website","url":"https:\/\/acgroup.pl\/agregaty\/","name":"Agregaty - AC Group","description":"Wi\u0119cej ni\u017c instalacje","publisher":{"@id":"https:\/\/acgroup.pl\/agregaty\/#organization"},"potentialAction":[{"@type":"SearchAction","target":{"@type":"EntryPoint","urlTemplate":"https:\/\/acgroup.pl\/agregaty\/?s={search_term_string}"},"query-input":"required name=search_term_string"}],"inLanguage":"pl-PL"},{"@type":"Organization","@id":"https:\/\/acgroup.pl\/agregaty\/#organization","name":"AC Group","url":"https:\/\/acgroup.pl\/agregaty\/","logo":{"@type":"ImageObject","inLanguage":"pl-PL","@id":"https:\/\/acgroup.pl\/agregaty\/#\/schema\/logo\/image\/","url":"https:\/\/acgroup.pl\/agregaty\/wp-content\/uploads\/2023\/12\/logo-ac.svg","contentUrl":"https:\/\/acgroup.pl\/agregaty\/wp-content\/uploads\/2023\/12\/logo-ac.svg","width":143,"height":64,"caption":"AC Group"},"image":{"@id":"https:\/\/acgroup.pl\/agregaty\/#\/schema\/logo\/image\/"},"sameAs":["https:\/\/www.facebook.com\/AC-Group-108549451312976","https:\/\/www.instagram.com\/acgroup.pl\/","https:\/\/www.linkedin.com\/company\/ac-group-poland\/about\/"]}]}},"_links":{"self":[{"href":"https:\/\/acgroup.pl\/agregaty\/wp-json\/wp\/v2\/product\/117","targetHints":{"allow":["GET"]}}],"collection":[{"href":"https:\/\/acgroup.pl\/agregaty\/wp-json\/wp\/v2\/product"}],"about":[{"href":"https:\/\/acgroup.pl\/agregaty\/wp-json\/wp\/v2\/types\/product"}],"wp:featuredmedia":[{"embeddable":true,"href":"https:\/\/acgroup.pl\/agregaty\/wp-json\/wp\/v2\/media\/118"}],"wp:attachment":[{"href":"https:\/\/acgroup.pl\/agregaty\/wp-json\/wp\/v2\/media?parent=117"}],"wp:term":[{"taxonomy":"product_cat","embeddable":true,"href":"https:\/\/acgroup.pl\/agregaty\/wp-json\/wp\/v2\/product_cat?post=117"},{"taxonomy":"product_tag","embeddable":true,"href":"https:\/\/acgroup.pl\/agregaty\/wp-json\/wp\/v2\/product_tag?post=117"}],"curies":[{"name":"wp","href":"https:\/\/api.w.org\/{rel}","templated":true}]}}