{"id":120,"date":"2023-01-14T00:27:51","date_gmt":"2023-01-13T23:27:51","guid":{"rendered":"https:\/\/acgroup.pl\/agregaty\/?post_type=product&#038;p=120"},"modified":"2024-01-30T10:20:26","modified_gmt":"2024-01-30T09:20:26","slug":"p3000i","status":"publish","type":"product","link":"https:\/\/acgroup.pl\/agregaty\/produkt\/p3000i\/","title":{"rendered":"P3000I INVERTER 2.5KW USB"},"content":{"rendered":"<p>Zbiornik paliwa o pojemno\u015b\u0107 4,0 litra pozwala mu na ci\u0105g\u0142\u0105 prac\u0119 bez tankowania przy 75% obci\u0105\u017ceniu przez ok. 3.5 godziny. Wy\u0142\u0105czenie przy niskim poziomie oleju automatycznie chroni silnik przed uszkodzeniem. Tryb ekonomiczny automatycznie dostosowuje pr\u0119dko\u015b\u0107 obrotow\u0105 silnika do optymalnego poziomu, aby zapewniaj\u0105 doskona\u0142\u0105 oszcz\u0119dno\u015b\u0107 paliwa i redukcj\u0119 ha\u0142asu. Lekki i kompaktowy agregat z uchwytem pozwalaj\u0105cym na \u0142atwy transport. Idealny do zastosowa\u0144 wymagaj\u0105cych niskiego poziomu ha\u0142asu. Wyposa\u017cony w z\u0142\u0105cze do zestawu r\u00f3wnoleg\u0142ego.\u00a0\u00a0Dwa porty USB pozwalaj\u0105 na \u0142adowanie np. telefonu lub tabletu.<\/p>\n<p>Niezawodno\u015b\u0107 i jako\u015b\u0107 zasilania z tego systemu umo\u017cliwia zasilanie urz\u0105dze\u0144 elektronicznych czu\u0142ych na spadki napi\u0119cia i cz\u0119stotliwo\u015bci takich jak komputery, sprz\u0119t RTV i AGD, pompy, sprz\u0119t medyczny, sprz\u0119tu pomiarowego i inne szczeg\u00f3lnie wra\u017cliwych urz\u0105dze\u0144. Doskona\u0142y do zasilania o\u015bwietlenia awaryjnego, podtrzymania zasilania w domach jednorodzinnych, firmach, magazynach i innych miejscach wymagaj\u0105cych awaryjnego zasilania.<\/p>\n","protected":false},"excerpt":{"rendered":"<p>Agregat pr\u0105dotw\u00f3rczy\u00a0PRAMAC P3000I\u00a0\u00a0Inverter\u00a0to agregat jednofazowy serii P Inverter z silnikiem PRAMAC. To uniwersalne urz\u0105dzenie pozwalaj\u0105ce na bezpiecze\u0144stwo i komfort pracy w ka\u017cdych warunkach.<\/p>\n","protected":false},"featured_media":121,"template":"","meta":{"inline_featured_image":false},"product_cat":[15],"product_tag":[],"class_list":{"0":"post-120","1":"product","2":"type-product","3":"status-publish","4":"has-post-thumbnail","6":"product_cat-agregaty","8":"first","9":"instock","10":"taxable","11":"shipping-taxable","12":"purchasable","13":"product-type-simple"},"acf":[],"yoast_head":"<!-- This site is optimized with the Yoast SEO plugin v21.7 - https:\/\/yoast.com\/wordpress\/plugins\/seo\/ -->\n<title>P3000I INVERTER 2.5KW USB - Agregaty - AC Group<\/title>\n<meta name=\"robots\" content=\"index, follow, max-snippet:-1, max-image-preview:large, max-video-preview:-1\" \/>\n<link rel=\"canonical\" href=\"https:\/\/acgroup.pl\/agregaty\/produkt\/p3000i\/\" \/>\n<meta property=\"og:locale\" content=\"pl_PL\" \/>\n<meta property=\"og:type\" content=\"article\" \/>\n<meta property=\"og:title\" content=\"P3000I INVERTER 2.5KW USB - Agregaty - AC Group\" \/>\n<meta property=\"og:description\" content=\"Agregat pr\u0105dotw\u00f3rczy\u00a0PRAMAC P3000I\u00a0\u00a0Inverter\u00a0to agregat jednofazowy serii P Inverter z silnikiem PRAMAC. To uniwersalne urz\u0105dzenie pozwalaj\u0105ce na bezpiecze\u0144stwo i komfort pracy w ka\u017cdych warunkach.\" \/>\n<meta property=\"og:url\" content=\"https:\/\/acgroup.pl\/agregaty\/produkt\/p3000i\/\" \/>\n<meta property=\"og:site_name\" content=\"Agregaty - AC Group\" \/>\n<meta property=\"article:publisher\" content=\"https:\/\/www.facebook.com\/AC-Group-108549451312976\" \/>\n<meta property=\"article:modified_time\" content=\"2024-01-30T09:20:26+00:00\" \/>\n<meta property=\"og:image\" content=\"https:\/\/acgroup.pl\/agregaty\/wp-content\/uploads\/2023\/01\/image-4.png\" \/>\n\t<meta property=\"og:image:width\" content=\"480\" \/>\n\t<meta property=\"og:image:height\" content=\"452\" \/>\n\t<meta property=\"og:image:type\" content=\"image\/png\" \/>\n<meta name=\"twitter:card\" content=\"summary_large_image\" \/>\n<meta name=\"twitter:label1\" content=\"Szacowany czas czytania\" \/>\n\t<meta name=\"twitter:data1\" content=\"2 minuty\" \/>\n<script type=\"application\/ld+json\" class=\"yoast-schema-graph\">{\"@context\":\"https:\/\/schema.org\",\"@graph\":[{\"@type\":\"WebPage\",\"@id\":\"https:\/\/acgroup.pl\/agregaty\/produkt\/p3000i\/\",\"url\":\"https:\/\/acgroup.pl\/agregaty\/produkt\/p3000i\/\",\"name\":\"P3000I INVERTER 2.5KW USB - Agregaty - AC Group\",\"isPartOf\":{\"@id\":\"https:\/\/acgroup.pl\/agregaty\/#website\"},\"datePublished\":\"2023-01-13T23:27:51+00:00\",\"dateModified\":\"2024-01-30T09:20:26+00:00\",\"breadcrumb\":{\"@id\":\"https:\/\/acgroup.pl\/agregaty\/produkt\/p3000i\/#breadcrumb\"},\"inLanguage\":\"pl-PL\",\"potentialAction\":[{\"@type\":\"ReadAction\",\"target\":[\"https:\/\/acgroup.pl\/agregaty\/produkt\/p3000i\/\"]}]},{\"@type\":\"BreadcrumbList\",\"@id\":\"https:\/\/acgroup.pl\/agregaty\/produkt\/p3000i\/#breadcrumb\",\"itemListElement\":[{\"@type\":\"ListItem\",\"position\":1,\"name\":\"Strona g\u0142\u00f3wna\",\"item\":\"https:\/\/acgroup.pl\/agregaty\/\"},{\"@type\":\"ListItem\",\"position\":2,\"name\":\"P3000I INVERTER 2.5KW USB\"}]},{\"@type\":\"WebSite\",\"@id\":\"https:\/\/acgroup.pl\/agregaty\/#website\",\"url\":\"https:\/\/acgroup.pl\/agregaty\/\",\"name\":\"Agregaty - AC Group\",\"description\":\"Wi\u0119cej ni\u017c instalacje\",\"publisher\":{\"@id\":\"https:\/\/acgroup.pl\/agregaty\/#organization\"},\"potentialAction\":[{\"@type\":\"SearchAction\",\"target\":{\"@type\":\"EntryPoint\",\"urlTemplate\":\"https:\/\/acgroup.pl\/agregaty\/?s={search_term_string}\"},\"query-input\":\"required name=search_term_string\"}],\"inLanguage\":\"pl-PL\"},{\"@type\":\"Organization\",\"@id\":\"https:\/\/acgroup.pl\/agregaty\/#organization\",\"name\":\"AC Group\",\"url\":\"https:\/\/acgroup.pl\/agregaty\/\",\"logo\":{\"@type\":\"ImageObject\",\"inLanguage\":\"pl-PL\",\"@id\":\"https:\/\/acgroup.pl\/agregaty\/#\/schema\/logo\/image\/\",\"url\":\"https:\/\/acgroup.pl\/agregaty\/wp-content\/uploads\/2023\/12\/logo-ac.svg\",\"contentUrl\":\"https:\/\/acgroup.pl\/agregaty\/wp-content\/uploads\/2023\/12\/logo-ac.svg\",\"width\":143,\"height\":64,\"caption\":\"AC Group\"},\"image\":{\"@id\":\"https:\/\/acgroup.pl\/agregaty\/#\/schema\/logo\/image\/\"},\"sameAs\":[\"https:\/\/www.facebook.com\/AC-Group-108549451312976\",\"https:\/\/www.instagram.com\/acgroup.pl\/\",\"https:\/\/www.linkedin.com\/company\/ac-group-poland\/about\/\"]}]}<\/script>\n<!-- \/ Yoast SEO plugin. -->","yoast_head_json":{"title":"P3000I INVERTER 2.5KW USB - Agregaty - AC Group","robots":{"index":"index","follow":"follow","max-snippet":"max-snippet:-1","max-image-preview":"max-image-preview:large","max-video-preview":"max-video-preview:-1"},"canonical":"https:\/\/acgroup.pl\/agregaty\/produkt\/p3000i\/","og_locale":"pl_PL","og_type":"article","og_title":"P3000I INVERTER 2.5KW USB - Agregaty - AC Group","og_description":"Agregat pr\u0105dotw\u00f3rczy\u00a0PRAMAC P3000I\u00a0\u00a0Inverter\u00a0to agregat jednofazowy serii P Inverter z silnikiem PRAMAC. To uniwersalne urz\u0105dzenie pozwalaj\u0105ce na bezpiecze\u0144stwo i komfort pracy w ka\u017cdych warunkach.","og_url":"https:\/\/acgroup.pl\/agregaty\/produkt\/p3000i\/","og_site_name":"Agregaty - AC Group","article_publisher":"https:\/\/www.facebook.com\/AC-Group-108549451312976","article_modified_time":"2024-01-30T09:20:26+00:00","og_image":[{"width":480,"height":452,"url":"https:\/\/acgroup.pl\/agregaty\/wp-content\/uploads\/2023\/01\/image-4.png","type":"image\/png"}],"twitter_card":"summary_large_image","twitter_misc":{"Szacowany czas czytania":"2 minuty"},"schema":{"@context":"https:\/\/schema.org","@graph":[{"@type":"WebPage","@id":"https:\/\/acgroup.pl\/agregaty\/produkt\/p3000i\/","url":"https:\/\/acgroup.pl\/agregaty\/produkt\/p3000i\/","name":"P3000I INVERTER 2.5KW USB - Agregaty - AC Group","isPartOf":{"@id":"https:\/\/acgroup.pl\/agregaty\/#website"},"datePublished":"2023-01-13T23:27:51+00:00","dateModified":"2024-01-30T09:20:26+00:00","breadcrumb":{"@id":"https:\/\/acgroup.pl\/agregaty\/produkt\/p3000i\/#breadcrumb"},"inLanguage":"pl-PL","potentialAction":[{"@type":"ReadAction","target":["https:\/\/acgroup.pl\/agregaty\/produkt\/p3000i\/"]}]},{"@type":"BreadcrumbList","@id":"https:\/\/acgroup.pl\/agregaty\/produkt\/p3000i\/#breadcrumb","itemListElement":[{"@type":"ListItem","position":1,"name":"Strona g\u0142\u00f3wna","item":"https:\/\/acgroup.pl\/agregaty\/"},{"@type":"ListItem","position":2,"name":"P3000I INVERTER 2.5KW USB"}]},{"@type":"WebSite","@id":"https:\/\/acgroup.pl\/agregaty\/#website","url":"https:\/\/acgroup.pl\/agregaty\/","name":"Agregaty - AC Group","description":"Wi\u0119cej ni\u017c instalacje","publisher":{"@id":"https:\/\/acgroup.pl\/agregaty\/#organization"},"potentialAction":[{"@type":"SearchAction","target":{"@type":"EntryPoint","urlTemplate":"https:\/\/acgroup.pl\/agregaty\/?s={search_term_string}"},"query-input":"required name=search_term_string"}],"inLanguage":"pl-PL"},{"@type":"Organization","@id":"https:\/\/acgroup.pl\/agregaty\/#organization","name":"AC Group","url":"https:\/\/acgroup.pl\/agregaty\/","logo":{"@type":"ImageObject","inLanguage":"pl-PL","@id":"https:\/\/acgroup.pl\/agregaty\/#\/schema\/logo\/image\/","url":"https:\/\/acgroup.pl\/agregaty\/wp-content\/uploads\/2023\/12\/logo-ac.svg","contentUrl":"https:\/\/acgroup.pl\/agregaty\/wp-content\/uploads\/2023\/12\/logo-ac.svg","width":143,"height":64,"caption":"AC Group"},"image":{"@id":"https:\/\/acgroup.pl\/agregaty\/#\/schema\/logo\/image\/"},"sameAs":["https:\/\/www.facebook.com\/AC-Group-108549451312976","https:\/\/www.instagram.com\/acgroup.pl\/","https:\/\/www.linkedin.com\/company\/ac-group-poland\/about\/"]}]}},"_links":{"self":[{"href":"https:\/\/acgroup.pl\/agregaty\/wp-json\/wp\/v2\/product\/120","targetHints":{"allow":["GET"]}}],"collection":[{"href":"https:\/\/acgroup.pl\/agregaty\/wp-json\/wp\/v2\/product"}],"about":[{"href":"https:\/\/acgroup.pl\/agregaty\/wp-json\/wp\/v2\/types\/product"}],"wp:featuredmedia":[{"embeddable":true,"href":"https:\/\/acgroup.pl\/agregaty\/wp-json\/wp\/v2\/media\/121"}],"wp:attachment":[{"href":"https:\/\/acgroup.pl\/agregaty\/wp-json\/wp\/v2\/media?parent=120"}],"wp:term":[{"taxonomy":"product_cat","embeddable":true,"href":"https:\/\/acgroup.pl\/agregaty\/wp-json\/wp\/v2\/product_cat?post=120"},{"taxonomy":"product_tag","embeddable":true,"href":"https:\/\/acgroup.pl\/agregaty\/wp-json\/wp\/v2\/product_tag?post=120"}],"curies":[{"name":"wp","href":"https:\/\/api.w.org\/{rel}","templated":true}]}}